{"id":4306,"date":"2021-06-30T10:11:30","date_gmt":"2021-06-30T08:11:30","guid":{"rendered":"https:\/\/www.alucasa.com\/campings-y-hosteleria\/"},"modified":"2025-09-26T08:13:49","modified_gmt":"2025-09-26T06:13:49","slug":"campings-hotels","status":"publish","type":"page","link":"https:\/\/www.alucasa.com\/en\/campings-hotels\/","title":{"rendered":"Campings &#038; Hotels"},"content":{"rendered":"\t\t<div data-elementor-type=\"wp-page\" data-elementor-id=\"4306\" class=\"elementor elementor-4306 elementor-3826\">\n\t\t\t\t\t\t\t\t\t<section class=\"elementor-section elementor-top-section elementor-element elementor-element-eabf67b elementor-section-boxed elementor-section-height-default elementor-section-height-default\" data-id=\"eabf67b\" data-element_type=\"section\">\n\t\t\t\t\t\t<div class=\"elementor-container elementor-column-gap-default\">\n\t\t\t\t\t<div class=\"elementor-column elementor-col-100 elementor-top-column elementor-element elementor-element-baa1964\" data-id=\"baa1964\" data-element_type=\"column\">\n\t\t\t<div class=\"elementor-widget-wrap elementor-element-populated\">\n\t\t\t\t\t\t\t\t<div class=\"elementor-element elementor-element-a03147e elementor-widget elementor-widget-heading\" data-id=\"a03147e\" data-element_type=\"widget\" data-widget_type=\"heading.default\">\n\t\t\t\t<div class=\"elementor-widget-container\">\n\t\t\t<style>\/*! elementor - v3.17.0 - 08-11-2023 *\/\n.elementor-heading-title{padding:0;margin:0;line-height:1}.elementor-widget-heading .elementor-heading-title[class*=elementor-size-]>a{color:inherit;font-size:inherit;line-height:inherit}.elementor-widget-heading .elementor-heading-title.elementor-size-small{font-size:15px}.elementor-widget-heading .elementor-heading-title.elementor-size-medium{font-size:19px}.elementor-widget-heading .elementor-heading-title.elementor-size-large{font-size:29px}.elementor-widget-heading .elementor-heading-title.elementor-size-xl{font-size:39px}.elementor-widget-heading .elementor-heading-title.elementor-size-xxl{font-size:59px}<\/style><h1 class=\"elementor-heading-title elementor-size-default\">Casas Prefabricadas para Campings y Hosteler\u00eda\n<\/h1>\t\t<\/div>\n\t\t\t\t<\/div>\n\t\t\t\t\t<\/div>\n\t\t<\/div>\n\t\t\t\t\t\t\t<\/div>\n\t\t<\/section>\n\t\t\t\t<section class=\"elementor-section elementor-top-section elementor-element elementor-element-def0b61 elementor-section-boxed elementor-section-height-default elementor-section-height-default\" data-id=\"def0b61\" data-element_type=\"section\">\n\t\t\t\t\t\t<div class=\"elementor-container elementor-column-gap-default\">\n\t\t\t\t\t<div class=\"elementor-column elementor-col-100 elementor-top-column elementor-element elementor-element-8dc460c\" data-id=\"8dc460c\" data-element_type=\"column\">\n\t\t\t<div class=\"elementor-widget-wrap elementor-element-populated\">\n\t\t\t\t\t\t\t\t<div class=\"elementor-element elementor-element-e0e6b1c elementor-widget elementor-widget-text-editor\" data-id=\"e0e6b1c\" data-element_type=\"widget\" data-widget_type=\"text-editor.default\">\n\t\t\t\t<div class=\"elementor-widget-container\">\n\t\t\t<style>\/*! elementor - v3.17.0 - 08-11-2023 *\/\n.elementor-widget-text-editor.elementor-drop-cap-view-stacked .elementor-drop-cap{background-color:#69727d;color:#fff}.elementor-widget-text-editor.elementor-drop-cap-view-framed .elementor-drop-cap{color:#69727d;border:3px solid;background-color:transparent}.elementor-widget-text-editor:not(.elementor-drop-cap-view-default) .elementor-drop-cap{margin-top:8px}.elementor-widget-text-editor:not(.elementor-drop-cap-view-default) .elementor-drop-cap-letter{width:1em;height:1em}.elementor-widget-text-editor .elementor-drop-cap{float:left;text-align:center;line-height:1;font-size:50px}.elementor-widget-text-editor .elementor-drop-cap-letter{display:inline-block}<\/style>\t\t\t\t<p>Alojamientos<strong> m\u00f3viles para empresas de camping y hosteler\u00eda<\/strong><\/p>\n<p>Las casas m\u00f3viles se est\u00e1n convirtiendo en la opci\u00f3n m\u00e1s popular para empresarios con <strong>negocios de hosteler\u00eda rural<\/strong>. Se instalan completamente equipadas, con ba\u00f1o y cocina, y permiten acondicionarlas en pr\u00e1cticamente cualquier lugar plano.<\/p>\n<p>La fama de este tipo de vivienda ha llevado al desarrollo y crecimiento del <strong>&#8220;hotel moderno&#8221;<\/strong>: un nuevo modelo de ocio rural basado en el confort, la sostenibilidad y el acceso c\u00f3modo a zonas r\u00fasticas o de playa por parte de los clientes.<\/p>\n<p>En Alucasa dispones de un amplio cat\u00e1logo de <strong><a href=\"https:\/\/www.alucasa.com\/\">casas prefabricadas<\/a><\/strong> para tu negocio de hosteler\u00eda. Su precio es notablemente m\u00e1s asequible a una construcci\u00f3n tradicional y sus opciones de personalizaci\u00f3n y movilidad van a sacarle el mayor rendimiento a tu inversi\u00f3n.<\/p>\n<h2>Modelos de casas prefabricadas para camping y profesionales<\/h2>\n<p><b>*Venta m\u00ednima a partir de 4 unidades. Consultar precio seg\u00fan cantidad.<\/b><\/p>\n\t\t\t\t\t\t<\/div>\n\t\t\t\t<\/div>\n\t\t\t\t\t<\/div>\n\t\t<\/div>\n\t\t\t\t\t\t\t<\/div>\n\t\t<\/section>\n\t\t\t\t<section class=\"elementor-section elementor-top-section elementor-element elementor-element-e163647 elementor-section-boxed elementor-section-height-default elementor-section-height-default\" data-id=\"e163647\" data-element_type=\"section\">\n\t\t\t\t\t\t<div class=\"elementor-container elementor-column-gap-default\">\n\t\t\t\t\t<div class=\"elementor-column elementor-col-100 elementor-top-column elementor-element elementor-element-0ddbe27\" data-id=\"0ddbe27\" data-element_type=\"column\">\n\t\t\t<div class=\"elementor-widget-wrap elementor-element-populated\">\n\t\t\t\t\t\t\t\t<div class=\"elementor-element elementor-element-29510a9 elementor-widget elementor-widget-jet-listing-grid\" data-id=\"29510a9\" data-element_type=\"widget\" data-settings=\"{&quot;columns&quot;:&quot;4&quot;,&quot;columns_mobile&quot;:&quot;1&quot;}\" data-widget_type=\"jet-listing-grid.default\">\n\t\t\t\t<div class=\"elementor-widget-container\">\n\t\t\t<div class=\"jet-listing-grid jet-listing\"><div class=\"jet-listing-not-found jet-listing-grid__items\" data-nav=\"{&quot;enabled&quot;:false,&quot;type&quot;:null,&quot;more_el&quot;:null,&quot;query&quot;:[],&quot;widget_settings&quot;:{&quot;lisitng_id&quot;:4207,&quot;posts_num&quot;:30,&quot;columns&quot;:4,&quot;columns_tablet&quot;:4,&quot;columns_mobile&quot;:1,&quot;column_min_width&quot;:240,&quot;column_min_width_tablet&quot;:240,&quot;column_min_width_mobile&quot;:240,&quot;inline_columns_css&quot;:false,&quot;is_archive_template&quot;:&quot;&quot;,&quot;post_status&quot;:[&quot;publish&quot;],&quot;use_random_posts_num&quot;:&quot;&quot;,&quot;max_posts_num&quot;:9,&quot;not_found_message&quot;:&quot;No hay viviendas&quot;,&quot;is_masonry&quot;:false,&quot;equal_columns_height&quot;:&quot;&quot;,&quot;use_load_more&quot;:&quot;&quot;,&quot;load_more_id&quot;:&quot;&quot;,&quot;load_more_type&quot;:&quot;click&quot;,&quot;load_more_offset&quot;:{&quot;unit&quot;:&quot;px&quot;,&quot;size&quot;:0,&quot;sizes&quot;:[]},&quot;use_custom_post_types&quot;:&quot;yes&quot;,&quot;custom_post_types&quot;:[&quot;viviendas-moviles&quot;],&quot;hide_widget_if&quot;:&quot;&quot;,&quot;carousel_enabled&quot;:&quot;&quot;,&quot;slides_to_scroll&quot;:&quot;1&quot;,&quot;arrows&quot;:&quot;true&quot;,&quot;arrow_icon&quot;:&quot;fa fa-angle-left&quot;,&quot;dots&quot;:&quot;&quot;,&quot;autoplay&quot;:&quot;true&quot;,&quot;pause_on_hover&quot;:&quot;true&quot;,&quot;autoplay_speed&quot;:5000,&quot;infinite&quot;:&quot;true&quot;,&quot;center_mode&quot;:&quot;&quot;,&quot;effect&quot;:&quot;slide&quot;,&quot;speed&quot;:500,&quot;inject_alternative_items&quot;:&quot;&quot;,&quot;injection_items&quot;:[],&quot;scroll_slider_enabled&quot;:&quot;&quot;,&quot;scroll_slider_on&quot;:[&quot;desktop&quot;,&quot;tablet&quot;,&quot;mobile&quot;],&quot;custom_query&quot;:false,&quot;custom_query_id&quot;:&quot;&quot;,&quot;_element_id&quot;:&quot;&quot;,&quot;collapse_first_last_gap&quot;:false,&quot;list_tag_selection&quot;:&quot;&quot;,&quot;list_items_wrapper_tag&quot;:&quot;div&quot;,&quot;list_item_tag&quot;:&quot;div&quot;,&quot;empty_items_wrapper_tag&quot;:&quot;div&quot;}}\" data-listing-source=\"posts\" data-listing-id=\"4207\" data-query-id=\"\" data-queried-id=\"4306|WP_Post\">No hay viviendas<\/div><\/div>\t\t<\/div>\n\t\t\t\t<\/div>\n\t\t\t\t\t<\/div>\n\t\t<\/div>\n\t\t\t\t\t\t\t<\/div>\n\t\t<\/section>\n\t\t\t\t<section class=\"elementor-section elementor-top-section elementor-element elementor-element-1ba9c8a elementor-section-boxed elementor-section-height-default elementor-section-height-default\" data-id=\"1ba9c8a\" data-element_type=\"section\">\n\t\t\t\t\t\t<div class=\"elementor-container elementor-column-gap-default\">\n\t\t\t\t\t<div class=\"elementor-column elementor-col-100 elementor-top-column elementor-element elementor-element-76bd6a8\" data-id=\"76bd6a8\" data-element_type=\"column\">\n\t\t\t<div class=\"elementor-widget-wrap elementor-element-populated\">\n\t\t\t\t\t\t\t\t<div class=\"elementor-element elementor-element-0ab7854 elementor-widget elementor-widget-text-editor\" data-id=\"0ab7854\" data-element_type=\"widget\" data-widget_type=\"text-editor.default\">\n\t\t\t\t<div class=\"elementor-widget-container\">\n\t\t\t\t\t\t\t<h2>Algunas de nuestras \u00faltimas ventas de casas prefabricadas en camping y resort<\/h2>\n<h3>Alannia Resorts<\/h3>\n<p><a href=\"https:\/\/alanniaresorts.com\/es\/\" target=\"_blank\" rel=\"noopener\">Alannia Resorts<\/a> es una de las cadenas de campings espa\u00f1ola que m\u00e1s turismo nacional e internacional atrae cada a\u00f1o.\u00a0 Solo en la provincia de Alicante, cuenta con los resorts de Costa Blanca y Guardamar, dos resorts que a\u00f1o tras a\u00f1o ganan premios por su innovaci\u00f3n y compromiso, y en los que Alucasa est\u00e1 presente desde hace a\u00f1os.<\/p>\n<ul>\n<li><strong>Caba\u00f1a Cocoa \u2013 Alannia Costa Blanca<\/strong><\/li>\n<\/ul>\n<p><img loading=\"lazy\" decoding=\"async\" class=\"wp-image-8626 alignleft\" src=\"https:\/\/www.alucasa.com\/wp-content\/uploads\/WhatsApp-Image-2022-04-05-at-1.07.13-PM-300x200.jpeg\" alt=\"\" width=\"470\" height=\"313\" srcset=\"https:\/\/www.alucasa.com\/wp-content\/uploads\/WhatsApp-Image-2022-04-05-at-1.07.13-PM-300x200.jpeg 300w, https:\/\/www.alucasa.com\/wp-content\/uploads\/WhatsApp-Image-2022-04-05-at-1.07.13-PM-1024x683.jpeg 1024w, https:\/\/www.alucasa.com\/wp-content\/uploads\/WhatsApp-Image-2022-04-05-at-1.07.13-PM-768x512.jpeg 768w, https:\/\/www.alucasa.com\/wp-content\/uploads\/WhatsApp-Image-2022-04-05-at-1.07.13-PM-1536x1024.jpeg 1536w, https:\/\/www.alucasa.com\/wp-content\/uploads\/WhatsApp-Image-2022-04-05-at-1.07.13-PM.jpeg 2048w\" sizes=\"auto, (max-width: 470px) 100vw, 470px\" \/>\u00a0 <img loading=\"lazy\" decoding=\"async\" class=\"wp-image-8628 alignleft\" src=\"https:\/\/www.alucasa.com\/wp-content\/uploads\/69020-photo-300x200.jpg\" alt=\"\" width=\"470\" height=\"313\" srcset=\"https:\/\/www.alucasa.com\/wp-content\/uploads\/69020-photo-300x200.jpg 300w, https:\/\/www.alucasa.com\/wp-content\/uploads\/69020-photo-1024x683.jpg 1024w, https:\/\/www.alucasa.com\/wp-content\/uploads\/69020-photo-768x512.jpg 768w, https:\/\/www.alucasa.com\/wp-content\/uploads\/69020-photo.jpg 1152w\" sizes=\"auto, (max-width: 470px) 100vw, 470px\" \/><\/p>\n\t\t\t\t\t\t<\/div>\n\t\t\t\t<\/div>\n\t\t\t\t<div class=\"elementor-element elementor-element-54eee4f elementor-widget elementor-widget-text-editor\" data-id=\"54eee4f\" data-element_type=\"widget\" data-widget_type=\"text-editor.default\">\n\t\t\t\t<div class=\"elementor-widget-container\">\n\t\t\t\t\t\t\t<ul>\n<li><strong>Caba\u00f1a Habana \u2013 Alannia Costa Blanca<\/strong><\/li>\n<\/ul>\n<p><img loading=\"lazy\" decoding=\"async\" class=\"alignleft wp-image-8651 \" src=\"https:\/\/www.alucasa.com\/wp-content\/uploads\/187232-photo-full-300x200.jpg\" alt=\"\" width=\"468\" height=\"312\" srcset=\"https:\/\/www.alucasa.com\/wp-content\/uploads\/187232-photo-full-300x200.jpg 300w, https:\/\/www.alucasa.com\/wp-content\/uploads\/187232-photo-full-1024x684.jpg 1024w, https:\/\/www.alucasa.com\/wp-content\/uploads\/187232-photo-full-768x513.jpg 768w, https:\/\/www.alucasa.com\/wp-content\/uploads\/187232-photo-full-1536x1025.jpg 1536w, https:\/\/www.alucasa.com\/wp-content\/uploads\/187232-photo-full.jpg 1600w\" sizes=\"auto, (max-width: 468px) 100vw, 468px\" \/> \u00a0<img loading=\"lazy\" decoding=\"async\" class=\"alignleft wp-image-8648 \" src=\"https:\/\/www.alucasa.com\/wp-content\/uploads\/1417-photo-large-300x200.jpg\" alt=\"\" width=\"471\" height=\"314\" srcset=\"https:\/\/www.alucasa.com\/wp-content\/uploads\/1417-photo-large-300x200.jpg 300w, https:\/\/www.alucasa.com\/wp-content\/uploads\/1417-photo-large-1024x684.jpg 1024w, https:\/\/www.alucasa.com\/wp-content\/uploads\/1417-photo-large-768x513.jpg 768w, https:\/\/www.alucasa.com\/wp-content\/uploads\/1417-photo-large.jpg 1170w\" sizes=\"auto, (max-width: 471px) 100vw, 471px\" \/><\/p>\n\t\t\t\t\t\t<\/div>\n\t\t\t\t<\/div>\n\t\t\t\t<div class=\"elementor-element elementor-element-1e99cfa elementor-widget elementor-widget-text-editor\" data-id=\"1e99cfa\" data-element_type=\"widget\" data-widget_type=\"text-editor.default\">\n\t\t\t\t<div class=\"elementor-widget-container\">\n\t\t\t\t\t\t\t<ul>\n<li><strong>Caba\u00f1a Malta \u2013 Alannia Guardamar<\/strong><\/li>\n<\/ul>\n<p><img loading=\"lazy\" decoding=\"async\" class=\"alignleft wp-image-8638 \" src=\"https:\/\/www.alucasa.com\/wp-content\/uploads\/106576-photo-300x200.jpg\" alt=\"\" width=\"470\" height=\"313\" srcset=\"https:\/\/www.alucasa.com\/wp-content\/uploads\/106576-photo-300x200.jpg 300w, https:\/\/www.alucasa.com\/wp-content\/uploads\/106576-photo-1024x683.jpg 1024w, https:\/\/www.alucasa.com\/wp-content\/uploads\/106576-photo-768x512.jpg 768w, https:\/\/www.alucasa.com\/wp-content\/uploads\/106576-photo.jpg 1440w\" sizes=\"auto, (max-width: 470px) 100vw, 470px\" \/> \u00a0<img loading=\"lazy\" decoding=\"async\" class=\"alignleft wp-image-8644 \" src=\"https:\/\/www.alucasa.com\/wp-content\/uploads\/187202-photo-full-1-300x200.jpg\" alt=\"\" width=\"467\" height=\"311\" srcset=\"https:\/\/www.alucasa.com\/wp-content\/uploads\/187202-photo-full-1-300x200.jpg 300w, https:\/\/www.alucasa.com\/wp-content\/uploads\/187202-photo-full-1-1024x683.jpg 1024w, https:\/\/www.alucasa.com\/wp-content\/uploads\/187202-photo-full-1-768x512.jpg 768w, https:\/\/www.alucasa.com\/wp-content\/uploads\/187202-photo-full-1-1536x1024.jpg 1536w, https:\/\/www.alucasa.com\/wp-content\/uploads\/187202-photo-full-1.jpg 1600w\" sizes=\"auto, (max-width: 467px) 100vw, 467px\" \/><\/p>\n\t\t\t\t\t\t<\/div>\n\t\t\t\t<\/div>\n\t\t\t\t<div class=\"elementor-element elementor-element-5e8ad8b elementor-widget elementor-widget-text-editor\" data-id=\"5e8ad8b\" data-element_type=\"widget\" data-widget_type=\"text-editor.default\">\n\t\t\t\t<div class=\"elementor-widget-container\">\n\t\t\t\t\t\t\t<h3>Wecamp<\/h3>\n<p>La cadena de alojamientos eco <a href=\"https:\/\/wecamp.net\/\" target=\"_blank\" rel=\"noopener\">Wecamp<\/a> se posiciona como uno de los grandes referentes tur\u00edsticos de los \u00faltimos a\u00f1os. Durante las \u00faltimas temporadas, desde Alucasa hemos trabajado conjuntamente con Wecamp para adaptar sus dise\u00f1os exclusivos a nuestro sistema de fabricaci\u00f3n. Con esto, se ha conseguido integrar el concepto de camping ecol\u00f3gico e integrado en la naturaleza, y el dise\u00f1o de los mobile homes.<\/p>\n<p>Para la realizaci\u00f3n de los diferentes proyectos se parti\u00f3 de tres dise\u00f1os de modelos con los que se fue alternando su orientaci\u00f3n, colores y adaptabilidad. Adem\u00e1s, un requisito indispensable fue la adaptaci\u00f3n de algunos mobile homes a personas con movilidad reducida, conservando la misma est\u00e9tica exterior del proyecto en sus diferentes resorts.<\/p>\n<ul>\n<li><strong>Mobile Home Family<\/strong><\/li>\n<\/ul>\n<p><img loading=\"lazy\" decoding=\"async\" class=\"wp-image-8545 alignleft\" src=\"https:\/\/www.alucasa.com\/wp-content\/uploads\/2-Mobil-home-exterior-reducida-300x198.jpg\" alt=\"\" width=\"485\" height=\"320\" srcset=\"https:\/\/www.alucasa.com\/wp-content\/uploads\/2-Mobil-home-exterior-reducida-300x198.jpg 300w, https:\/\/www.alucasa.com\/wp-content\/uploads\/2-Mobil-home-exterior-reducida-1024x675.jpg 1024w, https:\/\/www.alucasa.com\/wp-content\/uploads\/2-Mobil-home-exterior-reducida-768x506.jpg 768w, https:\/\/www.alucasa.com\/wp-content\/uploads\/2-Mobil-home-exterior-reducida.jpg 1440w\" sizes=\"auto, (max-width: 485px) 100vw, 485px\" \/> \u00a0<img loading=\"lazy\" decoding=\"async\" class=\"wp-image-8547 alignleft\" src=\"https:\/\/www.alucasa.com\/wp-content\/uploads\/5-Mobil-home-interior-1-reducida-300x200.jpg\" alt=\"\" width=\"477\" height=\"318\" srcset=\"https:\/\/www.alucasa.com\/wp-content\/uploads\/5-Mobil-home-interior-1-reducida-300x200.jpg 300w, https:\/\/www.alucasa.com\/wp-content\/uploads\/5-Mobil-home-interior-1-reducida-1024x683.jpg 1024w, https:\/\/www.alucasa.com\/wp-content\/uploads\/5-Mobil-home-interior-1-reducida-768x512.jpg 768w, https:\/\/www.alucasa.com\/wp-content\/uploads\/5-Mobil-home-interior-1-reducida.jpg 1440w\" sizes=\"auto, (max-width: 477px) 100vw, 477px\" \/><\/p>\n\t\t\t\t\t\t<\/div>\n\t\t\t\t<\/div>\n\t\t\t\t<div class=\"elementor-element elementor-element-341a062 elementor-widget elementor-widget-text-editor\" data-id=\"341a062\" data-element_type=\"widget\" data-widget_type=\"text-editor.default\">\n\t\t\t\t<div class=\"elementor-widget-container\">\n\t\t\t\t\t\t\t<ul>\n<li><strong>Mobile Home Couple<\/strong><\/li>\n<\/ul>\n<p><img loading=\"lazy\" decoding=\"async\" class=\"wp-image-8553 alignleft\" src=\"https:\/\/www.alucasa.com\/wp-content\/uploads\/couple-3-reducida-300x200.jpg\" alt=\"\" width=\"485\" height=\"323\" srcset=\"https:\/\/www.alucasa.com\/wp-content\/uploads\/couple-3-reducida-300x200.jpg 300w, https:\/\/www.alucasa.com\/wp-content\/uploads\/couple-3-reducida-768x512.jpg 768w, https:\/\/www.alucasa.com\/wp-content\/uploads\/couple-3-reducida.jpg 1013w\" sizes=\"auto, (max-width: 485px) 100vw, 485px\" \/> \u00a0<img loading=\"lazy\" decoding=\"async\" class=\"alignleft wp-image-8551 \" src=\"https:\/\/www.alucasa.com\/wp-content\/uploads\/couple-4-300x200.jpg\" alt=\"\" width=\"485\" height=\"324\" srcset=\"https:\/\/www.alucasa.com\/wp-content\/uploads\/couple-4-300x200.jpg 300w, https:\/\/www.alucasa.com\/wp-content\/uploads\/couple-4.jpg 575w\" sizes=\"auto, (max-width: 485px) 100vw, 485px\" \/><\/p>\n\t\t\t\t\t\t<\/div>\n\t\t\t\t<\/div>\n\t\t\t\t<div class=\"elementor-element elementor-element-c579a3a elementor-widget elementor-widget-text-editor\" data-id=\"c579a3a\" data-element_type=\"widget\" data-widget_type=\"text-editor.default\">\n\t\t\t\t<div class=\"elementor-widget-container\">\n\t\t\t\t\t\t\t<ul>\n<li><strong>Mobile Home Compact<\/strong><\/li>\n<\/ul>\n<p><strong><img loading=\"lazy\" decoding=\"async\" class=\"wp-image-8536 alignleft\" src=\"https:\/\/www.alucasa.com\/wp-content\/uploads\/compactreducida-300x200.jpg\" alt=\"\" width=\"485\" height=\"324\" srcset=\"https:\/\/www.alucasa.com\/wp-content\/uploads\/compactreducida-300x200.jpg 300w, https:\/\/www.alucasa.com\/wp-content\/uploads\/compactreducida-1024x682.jpg 1024w, https:\/\/www.alucasa.com\/wp-content\/uploads\/compactreducida-768x512.jpg 768w, https:\/\/www.alucasa.com\/wp-content\/uploads\/compactreducida-1536x1024.jpg 1536w, https:\/\/www.alucasa.com\/wp-content\/uploads\/compactreducida.jpg 2000w\" sizes=\"auto, (max-width: 485px) 100vw, 485px\" \/> <\/strong>\u00a0<img loading=\"lazy\" decoding=\"async\" class=\"wp-image-8526 alignleft\" src=\"https:\/\/www.alucasa.com\/wp-content\/uploads\/compact-4-300x205.jpg\" alt=\"\" width=\"476\" height=\"325\" srcset=\"https:\/\/www.alucasa.com\/wp-content\/uploads\/compact-4-300x205.jpg 300w, https:\/\/www.alucasa.com\/wp-content\/uploads\/compact-4-1024x699.jpg 1024w, https:\/\/www.alucasa.com\/wp-content\/uploads\/compact-4-768x524.jpg 768w, https:\/\/www.alucasa.com\/wp-content\/uploads\/compact-4.jpg 1200w\" sizes=\"auto, (max-width: 476px) 100vw, 476px\" \/><\/p>\n\t\t\t\t\t\t<\/div>\n\t\t\t\t<\/div>\n\t\t\t\t<div class=\"elementor-element elementor-element-2464d76 elementor-widget elementor-widget-text-editor\" data-id=\"2464d76\" data-element_type=\"widget\" data-widget_type=\"text-editor.default\">\n\t\t\t\t<div class=\"elementor-widget-container\">\n\t\t\t\t\t\t\t<p>\u00a0<\/p>\n<p>Si te interesa conocer las diferentes opciones que desde Alucasa ofrecemos para personalizar tu negocio, no dudes en contactar con nosotros. Puedes llamarnos al <strong>965 702 697<\/strong>\u00a0o rellenar nuestro\u00a0<a href=\"https:\/\/www.alucasa.com\/contactar\/\" target=\"_blank\" rel=\"noopener\">formulario de contacto<\/a>.<\/p>\n\t\t\t\t\t\t<\/div>\n\t\t\t\t<\/div>\n\t\t\t\t\t<\/div>\n\t\t<\/div>\n\t\t\t\t\t\t\t<\/div>\n\t\t<\/section>\n\t\t\t\t\t\t\t<\/div>\n\t\t","protected":false},"excerpt":{"rendered":"<p>Casas Prefabricadas para Campings y Hosteler\u00eda Alojamientos m\u00f3viles para empresas de camping y hosteler\u00eda Las casas m\u00f3viles se est\u00e1n convirtiendo en la opci\u00f3n m\u00e1s popular para empresarios con negocios de hosteler\u00eda rural. Se instalan completamente equipadas, con ba\u00f1o y cocina, y permiten acondicionarlas en pr\u00e1cticamente cualquier lugar plano. La fama de este tipo de vivienda [&hellip;]<\/p>\n","protected":false},"author":4,"featured_media":0,"parent":0,"menu_order":0,"comment_status":"closed","ping_status":"closed","template":"","meta":{"footnotes":""},"class_list":["post-4306","page","type-page","status-publish","hentry"],"acf":[],"_links":{"self":[{"href":"https:\/\/www.alucasa.com\/en\/wp-json\/wp\/v2\/pages\/4306","targetHints":{"allow":["GET"]}}],"collection":[{"href":"https:\/\/www.alucasa.com\/en\/wp-json\/wp\/v2\/pages"}],"about":[{"href":"https:\/\/www.alucasa.com\/en\/wp-json\/wp\/v2\/types\/page"}],"author":[{"embeddable":true,"href":"https:\/\/www.alucasa.com\/en\/wp-json\/wp\/v2\/users\/4"}],"replies":[{"embeddable":true,"href":"https:\/\/www.alucasa.com\/en\/wp-json\/wp\/v2\/comments?post=4306"}],"version-history":[{"count":2,"href":"https:\/\/www.alucasa.com\/en\/wp-json\/wp\/v2\/pages\/4306\/revisions"}],"predecessor-version":[{"id":14919,"href":"https:\/\/www.alucasa.com\/en\/wp-json\/wp\/v2\/pages\/4306\/revisions\/14919"}],"wp:attachment":[{"href":"https:\/\/www.alucasa.com\/en\/wp-json\/wp\/v2\/media?parent=4306"}],"curies":[{"name":"wp","href":"https:\/\/api.w.org\/{rel}","templated":true}]}}